{"id":17368,"date":"2024-02-09T14:41:46","date_gmt":"2024-02-09T13:41:46","guid":{"rendered":"https:\/\/sqoom.be\/?post_type=product&#038;p=17368"},"modified":"2024-02-10T10:16:42","modified_gmt":"2024-02-10T09:16:42","slug":"anti-verouderings-procedure","status":"publish","type":"product","link":"https:\/\/sqoom.be\/fr\/produit\/anti-verouderings-procedure\/","title":{"rendered":"Anti-verouderings procedure"},"content":{"rendered":"<p>Belangrijkste voordelen van de procedure:<\/p>\n<p><strong>Regeneratieve therapie:<\/strong> Combineert niet-invasieve, regeneratieve technologie\u00ebn met effectieve natuurlijke serums.<br \/>\n<strong>Volledig natuurlijke ingredi\u00ebnten:<\/strong> De serums bevatten geen sulfaten, ftalaten en parabenen en zijn dus huidvriendelijk.<br \/>\n<strong>Uitgebreide verzorging:<\/strong> Voorziet in alle fundamentele behoeften van de huid, van reiniging en hydratatie tot anti-aging en spot treatment.<br \/>\n<strong>Gebruiksvriendelijk:<\/strong> Geschikt voor dagelijks gebruik met eenvoudige stappen en routines.<\/p>\n<p><strong>Hoe te gebruiken:<\/strong><\/p>\n<ul>\n<li>Begin met het xCential Cleanser Serum voor een diepe reiniging.<\/li>\n<li>Breng het xCential H+ Anti-Ageing Serum aan om rimpels en fijne lijntjes aan te pakken.<\/li>\n<li>Gebruik het xCential deSpot Serum om de huidtint, pigmentatie en ouderdomsvlekjes aan te pakken.<\/li>\n<li>Eindig met de xCential Booster voor een vocht- en antirimpelboost.<\/li>\n<li>Gebruik het SQOOM M2 apparaat in combinatie met elk serum met zijn specifieke modi voor optimale resultaten. Vergeet niet om de oogzone functies op het apparaat te gebruiken bij het behandelen van de ogen.<\/li>\n<\/ul>\n<p>&nbsp;<\/p>\n<p><strong>Ideaal voor:<\/strong><\/p>\n<ul>\n<li>Mensen die op zoek zijn naar een uitgebreide, effectieve huidverzorgingsroutine.<\/li>\n<li>Mensen die op zoek zijn naar natuurlijke, niet-invasieve antiverouderingsoplossingen.<\/li>\n<li>Iedereen die de algehele gezondheid en het uiterlijk van de huid wil verbeteren.<\/li>\n<\/ul>\n<p>Ontdek deze revolutionaire benadering van huidverzorging en wees getuige van een transformatie in de gezondheid, het uiterlijk en het succespercentage van uw huid bij het volhouden van een consistente huidverzorgingsroutine.<\/p>\n<p><strong>Meer over de componenten van deze huidverzorgingsprocedure:<\/strong><\/p>\n<p><strong>1.SQOOM M2 Ultrasoon huidverzorgingsapparaat\u00a0<\/strong><\/p>\n<p>Het SQOOM M2 Ultrasound Huidverzorgingsapparaat is een huidverzorgingsoplossing die is ontworpen om de huid te verjongen zonder de noodzaak van injecties of facelifts. Het maakt gebruik van ultrasone behandeling om de hydratatie en de bloedcirculatie te verbeteren, wat resulteert in een stevigere, frisser uitziende huid. Dit apparaat reinigt de pori\u00ebn, waardoor voedingsstoffen uit serums diep kunnen doordringen. Het is effectief voor de droge huid, omdat het de vochtretentie en de collageenproductie verhoogt, en voor de vette huid, omdat het acne-veroorzakende oli\u00ebn vermindert. De SQOOM M2, met een microcomputergestuurd, multifunctioneel handheld-ontwerp, combineert iontoforesetechnologie voor voeding en reiniging met ultrasone golven voor voeding en regeneratieve stimulatie om een uitgebreide huidverzorgingservaring te bieden.<\/p>\n<p><strong>2.xCential Booster Intensief hydraterend serum<\/strong><\/p>\n<p>This serum provides a 24-hour concentrated moisture boost, offering fresh and velvety-smooth skin with immediate effect. Its special formula contains both low and high-molecular bio-hyaluronic acids, working on the skin&#8217;s surface and depth for a visible fresh and firm look. It&#8217;s effective in reducing wrinkle depth with just one application and has an 8-hour anti-wrinkle effect. Made without preservatives, color, or perfume oils, it&#8217;s ideal for a naturally healthy, youthful appearance.<\/p>\n<p><strong>3.xCential H+ Herstellend Anti-Aging Serum<\/strong><\/p>\n<p>Dit serum is gemaakt van natuurlijke actieve ingredi\u00ebnten voor een zichtbaar mooie, jeugdige en gladde huid. Het vermindert diepe rimpels en laat fijne lijntjes verdwijnen dankzij ingredi\u00ebnten als hyaluronzuur, alo\u00eb vera-sap, tuinkers en inula-extract. Het H+ ingredi\u00ebnt is een hoogwaardig, laagmoleculair hyaluronzuur dat rimpels en fijne lijntjes vermindert. Het is een olievrije behandeling die doordringt tot de diepere lagen van de huid voor intense en langdurige hydratatie.<\/p>\n<p><strong>4.xCential Cleanser Zacht reinigingsserum<\/strong><\/p>\n<p>Dit serum is ontworpen voor een diepe interactieve fysieke reiniging en hydrateert de huid terwijl het deze voorbereidt op de SQOOM-behandeling. Het bevat panthenol en kamille-extract voor een verzachtende en ontspannende werking. Het serum is bijzonder gunstig voor de onzuivere huid en biedt een zachte, diepe reiniging tot in de pori\u00ebn. De formule bevat sterk geconcentreerde ingredi\u00ebnten van de Alo\u00eb Vera-plant, panthenol en kamille-extracten, die zorgen voor hydratatie en de elasticiteit van de huid verbeteren.<\/p>\n<p><strong>5.<\/strong><strong>xCential deSpot Verhelderend Spot Treatment Serum<\/strong><\/p>\n<p>is een gespecialiseerd huidverzorgingsproduct dat is ontworpen om huidpigmentatie en ouderdomsvlekken aan te pakken. Het bevat een unieke combinatie van actieve ingredi\u00ebnten, sulforafaan en geniste\u00efne, bekend om hun huidverhelderende eigenschappen. Deze combinatie is effectief bij het verminderen van ouderdomsvlekken en het verbeteren van de helderheid van de huid. De liposomale formule van het serum zorgt ervoor dat deze actieve ingredi\u00ebnten diep in de huid doordringen, waardoor hun effectiviteit wordt gemaximaliseerd. Dit maakt het een geschikte keuze voor mensen die de algehele toon van hun huid willen verbeteren en de zichtbaarheid van ouderdomsvlekken of ongelijkmatige huidpigmentatie willen verminderen.<\/p>\n<p>&nbsp;<\/p>\n<p>Elk van deze serums is veganistisch, volledig natuurlijk en vrij van sulfaten, ftalaten en parabenen. Ze zijn speciaal ontwikkeld om in synergie met het SQOOM-apparaat te werken voor geavanceerde en optimale huidverjonging en -verzorging.<\/p>\n<div class=\"sharing-default-minimal post-bottom\"><div class=\"nectar-social default\" data-position=\"\" data-rm-love=\"0\" data-color-override=\"override\"><div class=\"nectar-social-inner\"><a href=\"#\" class=\"nectar-love\" id=\"nectar-love-17368\" title=\"Love this\"> <i class=\"icon-salient-heart-2\"><\/i><span class=\"love-text\">Love<\/span><span class=\"total_loves\"><span class=\"nectar-love-count\">0<\/span><\/span><\/a><a class='facebook-share nectar-sharing' href='#' title='Share this'> <i class='fa fa-facebook'><\/i> <span class='social-text'>Share<\/span> <\/a><a class='twitter-share nectar-sharing' href='#' title='Tweet this'> <i class='fa fa-twitter'><\/i> <span class='social-text'>Tweet<\/span> <\/a><a class='linkedin-share nectar-sharing' href='#' title='Share this'> <i class='fa fa-linkedin'><\/i> <span class='social-text'>Share<\/span> <\/a><a class='pinterest-share nectar-sharing' href='#' title='Pin this'> <i class='fa fa-pinterest'><\/i> <span class='social-text'>Pin<\/span> <\/a><\/div><\/div><\/div>","protected":false},"excerpt":{"rendered":"<p>De SQOOM Uitgebreide Huidverzorgingsprocedure is een allesomvattend huidverzorgingsprogramma dat is ontworpen om aan alle fundamentele behoeften van uw huid te voldoen. Deze exclusieve set bevat het innovatieve SQOOM M2-apparaat en een selectie van vier speciaal samengestelde xCential-serums, elk gericht op verschillende aspecten van de gezondheid en schoonheid van de huid.<\/p>\n<p><img decoding=\"async\" class=\"alignnone wp-image-17215\" src=\"https:\/\/sqoom.be\/wp-content\/uploads\/2024\/02\/Icon-for-sqoom-shop.png\" alt=\"\" width=\"387\" height=\"129\" srcset=\"https:\/\/i0.wp.com\/sqoom.be\/wp-content\/uploads\/2024\/02\/Icon-for-sqoom-shop.png?w=1500&amp;ssl=1 1500w, https:\/\/i0.wp.com\/sqoom.be\/wp-content\/uploads\/2024\/02\/Icon-for-sqoom-shop.png?resize=300%2C100&amp;ssl=1 300w, https:\/\/i0.wp.com\/sqoom.be\/wp-content\/uploads\/2024\/02\/Icon-for-sqoom-shop.png?resize=1024%2C341&amp;ssl=1 1024w, https:\/\/i0.wp.com\/sqoom.be\/wp-content\/uploads\/2024\/02\/Icon-for-sqoom-shop.png?resize=768%2C256&amp;ssl=1 768w, https:\/\/i0.wp.com\/sqoom.be\/wp-content\/uploads\/2024\/02\/Icon-for-sqoom-shop.png?resize=18%2C6&amp;ssl=1 18w, https:\/\/i0.wp.com\/sqoom.be\/wp-content\/uploads\/2024\/02\/Icon-for-sqoom-shop.png?resize=600%2C200&amp;ssl=1 600w, https:\/\/i0.wp.com\/sqoom.be\/wp-content\/uploads\/2024\/02\/Icon-for-sqoom-shop.png?resize=100%2C33&amp;ssl=1 100w\" sizes=\"(max-width: 387px) 100vw, 387px\" \/><\/p>","protected":false},"featured_media":17370,"comment_status":"open","ping_status":"closed","template":"","meta":{"site-sidebar-layout":"default","site-content-layout":"","ast-site-content-layout":"default","site-content-style":"default","site-sidebar-style":"default","ast-global-header-display":"","ast-banner-title-visibility":"","ast-main-header-display":"","ast-hfb-above-header-display":"","ast-hfb-below-header-display":"","ast-hfb-mobile-header-display":"","site-post-title":"","ast-breadcrumbs-content":"","ast-featured-img":"","footer-sml-layout":"","ast-disable-related-posts":"","theme-transparent-header-meta":"","adv-header-id-meta":"","stick-header-meta":"","header-above-stick-meta":"","header-main-stick-meta":"","header-below-stick-meta":"","astra-migrate-meta-layouts":"default","ast-page-background-enabled":"default","ast-page-background-meta":{"desktop":{"background-color":"var(--ast-global-color-4)","background-image":"","background-repeat":"repeat","background-position":"center center","background-size":"auto","background-attachment":"scroll","background-type":"","background-media":"","overlay-type":"","overlay-color":"","overlay-opacity":"","overlay-gradient":""},"tablet":{"background-color":"","background-image":"","background-repeat":"repeat","background-position":"center center","background-size":"auto","background-attachment":"scroll","background-type":"","background-media":"","overlay-type":"","overlay-color":"","overlay-opacity":"","overlay-gradient":""},"mobile":{"background-color":"","background-image":"","background-repeat":"repeat","background-position":"center center","background-size":"auto","background-attachment":"scroll","background-type":"","background-media":"","overlay-type":"","overlay-color":"","overlay-opacity":"","overlay-gradient":""}},"ast-content-background-meta":{"desktop":{"background-color":"var(--ast-global-color-5)","background-image":"","background-repeat":"repeat","background-position":"center center","background-size":"auto","background-attachment":"scroll","background-type":"","background-media":"","overlay-type":"","overlay-color":"","overlay-opacity":"","overlay-gradient":""},"tablet":{"background-color":"var(--ast-global-color-5)","background-image":"","background-repeat":"repeat","background-position":"center center","background-size":"auto","background-attachment":"scroll","background-type":"","background-media":"","overlay-type":"","overlay-color":"","overlay-opacity":"","overlay-gradient":""},"mobile":{"background-color":"var(--ast-global-color-5)","background-image":"","background-repeat":"repeat","background-position":"center center","background-size":"auto","background-attachment":"scroll","background-type":"","background-media":"","overlay-type":"","overlay-color":"","overlay-opacity":"","overlay-gradient":""}}},"product_brand":[],"product_cat":[15,191],"product_tag":[],"class_list":{"0":"post-17368","1":"product","2":"type-product","3":"status-publish","4":"has-post-thumbnail","6":"product_cat-uncategorised","7":"product_cat-valentines-day-offers","8":"desktop-align-left","9":"tablet-align-left","10":"mobile-align-left","11":"ast-product-gallery-layout-horizontal-slider","12":"ast-product-gallery-with-no-image","13":"ast-product-tabs-layout-horizontal","15":"first","16":"instock","17":"sale","18":"taxable","19":"shipping-taxable","20":"purchasable","21":"product-type-simple"},"aioseo_notices":[],"jetpack_sharing_enabled":true,"_links":{"self":[{"href":"https:\/\/sqoom.be\/fr\/wp-json\/wp\/v2\/product\/17368","targetHints":{"allow":["GET"]}}],"collection":[{"href":"https:\/\/sqoom.be\/fr\/wp-json\/wp\/v2\/product"}],"about":[{"href":"https:\/\/sqoom.be\/fr\/wp-json\/wp\/v2\/types\/product"}],"replies":[{"embeddable":true,"href":"https:\/\/sqoom.be\/fr\/wp-json\/wp\/v2\/comments?post=17368"}],"wp:featuredmedia":[{"embeddable":true,"href":"https:\/\/sqoom.be\/fr\/wp-json\/wp\/v2\/media\/17370"}],"wp:attachment":[{"href":"https:\/\/sqoom.be\/fr\/wp-json\/wp\/v2\/media?parent=17368"}],"wp:term":[{"taxonomy":"product_brand","embeddable":true,"href":"https:\/\/sqoom.be\/fr\/wp-json\/wp\/v2\/product_brand?post=17368"},{"taxonomy":"product_cat","embeddable":true,"href":"https:\/\/sqoom.be\/fr\/wp-json\/wp\/v2\/product_cat?post=17368"},{"taxonomy":"product_tag","embeddable":true,"href":"https:\/\/sqoom.be\/fr\/wp-json\/wp\/v2\/product_tag?post=17368"}],"curies":[{"name":"wp","href":"https:\/\/api.w.org\/{rel}","templated":true}]}}